{"id":3316,"date":"2025-09-22T15:25:47","date_gmt":"2025-09-22T15:25:47","guid":{"rendered":"https:\/\/safetroop.com\/proximity-comerc\/"},"modified":"2026-03-30T14:33:39","modified_gmt":"2026-03-30T14:33:39","slug":"proximity-comerc","status":"publish","type":"page","link":"https:\/\/safetroop.com\/ca\/proximity-comerc\/","title":{"rendered":"PROXIMITY &amp; COMER\u00c7"},"content":{"rendered":"<p><div class=\"fusion-fullwidth fullwidth-box fusion-builder-row-1 fusion-flex-container nonhundred-percent-fullwidth non-hundred-percent-height-scrolling\" style=\"--awb-border-radius-top-left:0px;--awb-border-radius-top-right:0px;--awb-border-radius-bottom-right:0px;--awb-border-radius-bottom-left:0px;--awb-flex-wrap:wrap;\" ><div class=\"fusion-builder-row fusion-row fusion-flex-align-items-flex-start fusion-flex-content-wrap\" style=\"max-width:1248px;margin-left: calc(-4% \/ 2 );margin-right: calc(-4% \/ 2 );\"><div class=\"fusion-layout-column fusion_builder_column fusion-builder-column-0 fusion_builder_column_1_1 1_1 fusion-flex-column\" style=\"--awb-bg-size:cover;--awb-width-large:100%;--awb-margin-top-large:0px;--awb-spacing-right-large:1.92%;--awb-margin-bottom-large:0px;--awb-spacing-left-large:1.92%;--awb-width-medium:100%;--awb-spacing-right-medium:1.92%;--awb-spacing-left-medium:1.92%;--awb-width-small:100%;--awb-spacing-right-small:1.92%;--awb-spacing-left-small:1.92%;\"><div class=\"fusion-column-wrapper fusion-flex-justify-content-flex-start fusion-content-layout-column\"><div class=\"fusion-text fusion-text-1\" style=\"--awb-margin-top:100px;\"><h3><span style=\"color: #ffffff;\">La tranquil\u00b7litat de saber que la teva policia de proximitat \u00e9s amb tu.<\/span><\/h3>\n<p><span style=\"color: #ff6600;\"><span style=\"color: #ffff00;\"><strong data-start=\"91\" data-end=\"104\">Proximity<\/strong><\/span> \u00e9<span style=\"color: #ffffff;\">s la aplicaci\u00f3 de<\/span><span style=\"color: #0064e0;\"> <strong data-start=\"125\" data-end=\"151\">SafeTroop Technologies<\/strong><\/span> <span style=\"color: #ffffff;\">que connecta els ciutadans i comer\u00e7os amb la seva <strong data-start=\"200\" data-end=\"225\">policia de proximitat.<\/strong> A trav\u00e9s de notificacions directes, permet rebre avisos de seguretat, incid\u00e8ncies a la via p\u00fablica, talls de tr\u00e0nsit, confinaments, esdeveniments o qualsevol informaci\u00f3 d&#8217;inter\u00e8s municipal. Una eina senzilla i segura que apropa la comunicaci\u00f3 entre administracions, cossos policials i la comunitat.<\/span><\/span><\/p>\n<\/div><\/div><\/div><\/div><\/div><div class=\"fusion-fullwidth fullwidth-box fusion-builder-row-2 fusion-flex-container has-pattern-background has-mask-background nonhundred-percent-fullwidth non-hundred-percent-height-scrolling\" style=\"--awb-border-radius-top-left:0px;--awb-border-radius-top-right:0px;--awb-border-radius-bottom-right:0px;--awb-border-radius-bottom-left:0px;--awb-flex-wrap:wrap;\" ><div class=\"fusion-builder-row fusion-row fusion-flex-align-items-flex-start fusion-flex-content-wrap\" style=\"max-width:1248px;margin-left: calc(-4% \/ 2 );margin-right: calc(-4% \/ 2 );\"><div class=\"fusion-layout-column fusion_builder_column fusion-builder-column-1 fusion_builder_column_1_2 1_2 fusion-flex-column\" style=\"--awb-bg-size:cover;--awb-width-large:50%;--awb-margin-top-large:0px;--awb-spacing-right-large:3.84%;--awb-margin-bottom-large:20px;--awb-spacing-left-large:3.84%;--awb-width-medium:50%;--awb-order-medium:0;--awb-spacing-right-medium:3.84%;--awb-spacing-left-medium:3.84%;--awb-width-small:100%;--awb-order-small:0;--awb-spacing-right-small:1.92%;--awb-spacing-left-small:1.92%;\"><div class=\"fusion-column-wrapper fusion-column-has-shadow fusion-flex-justify-content-flex-start fusion-content-layout-column\"><div class=\"fusion-image-element \" style=\"--awb-caption-title-font-family:var(--h2_typography-font-family);--awb-caption-title-font-weight:var(--h2_typography-font-weight);--awb-caption-title-font-style:var(--h2_typography-font-style);--awb-caption-title-size:var(--h2_typography-font-size);--awb-caption-title-transform:var(--h2_typography-text-transform);--awb-caption-title-line-height:var(--h2_typography-line-height);--awb-caption-title-letter-spacing:var(--h2_typography-letter-spacing);\"><span class=\" fusion-imageframe imageframe-none imageframe-1 hover-type-none\"><img decoding=\"async\" width=\"1024\" height=\"1024\" title=\"Carretera C-33 cortada por un \u00e1rbol ca\u00eddo (8)\" src=\"https:\/\/safetroop.com\/wp-content\/uploads\/2025\/10\/Carretera-C-33-cortada-por-un-arbol-caido-8.png\" data-orig-src=\"https:\/\/safetroop.com\/wp-content\/uploads\/2025\/10\/Carretera-C-33-cortada-por-un-arbol-caido-8-1024x1024.png\" alt class=\"lazyload img-responsive wp-image-3469\" srcset=\"data:image\/svg+xml,%3Csvg%20xmlns%3D%27http%3A%2F%2Fwww.w3.org%2F2000%2Fsvg%27%20width%3D%271080%27%20height%3D%271080%27%20viewBox%3D%270%200%201080%201080%27%3E%3Crect%20width%3D%271080%27%20height%3D%271080%27%20fill-opacity%3D%220%22%2F%3E%3C%2Fsvg%3E\" data-srcset=\"https:\/\/safetroop.com\/wp-content\/uploads\/2025\/10\/Carretera-C-33-cortada-por-un-arbol-caido-8-200x200.png 200w, https:\/\/safetroop.com\/wp-content\/uploads\/2025\/10\/Carretera-C-33-cortada-por-un-arbol-caido-8-400x400.png 400w, https:\/\/safetroop.com\/wp-content\/uploads\/2025\/10\/Carretera-C-33-cortada-por-un-arbol-caido-8-600x600.png 600w, https:\/\/safetroop.com\/wp-content\/uploads\/2025\/10\/Carretera-C-33-cortada-por-un-arbol-caido-8-800x800.png 800w, https:\/\/safetroop.com\/wp-content\/uploads\/2025\/10\/Carretera-C-33-cortada-por-un-arbol-caido-8.png 1080w\" data-sizes=\"auto\" data-orig-sizes=\"(max-width: 640px) 100vw, 600px\" \/><\/span><\/div><div class=\"fusion-text fusion-text-2\"><p><span style=\"color: #ffffff;\">Rebre avisos en temps real de la policia local permet anticipar-se a incid\u00e8ncies i reorganitzar els teus trajectes de manera segura i eficient.<\/span><br \/>\n<span style=\"color: #ffffff;\">T&#8217;ajuda a evitar embussos, talls de carretera o situacions de risc, optimitzant el teu temps diari.<\/span><br \/>\n<span style=\"color: #ffffff;\">Per exemple, un pare i la seva filla poden sortir abans cap a l&#8217;escola despr\u00e9s de rebre l&#8217;alerta d&#8217;una via bloquejada.<\/span><\/p>\n<\/div><\/div><\/div><div class=\"fusion-layout-column fusion_builder_column fusion-builder-column-2 fusion_builder_column_1_2 1_2 fusion-flex-column\" style=\"--awb-bg-size:cover;--awb-width-large:50%;--awb-margin-top-large:0px;--awb-spacing-right-large:3.84%;--awb-margin-bottom-large:20px;--awb-spacing-left-large:3.84%;--awb-width-medium:50%;--awb-order-medium:0;--awb-spacing-right-medium:3.84%;--awb-spacing-left-medium:3.84%;--awb-width-small:100%;--awb-order-small:0;--awb-spacing-right-small:1.92%;--awb-spacing-left-small:1.92%;\"><div class=\"fusion-column-wrapper fusion-column-has-shadow fusion-flex-justify-content-flex-start fusion-content-layout-column\"><div class=\"fusion-image-element \" style=\"--awb-caption-title-font-family:var(--h2_typography-font-family);--awb-caption-title-font-weight:var(--h2_typography-font-weight);--awb-caption-title-font-style:var(--h2_typography-font-style);--awb-caption-title-size:var(--h2_typography-font-size);--awb-caption-title-transform:var(--h2_typography-text-transform);--awb-caption-title-line-height:var(--h2_typography-line-height);--awb-caption-title-letter-spacing:var(--h2_typography-letter-spacing);\"><span class=\" fusion-imageframe imageframe-none imageframe-2 hover-type-none\"><img decoding=\"async\" width=\"1024\" height=\"1024\" title=\"Carretera C-33 cortada por un \u00e1rbol ca\u00eddo (9)\" src=\"https:\/\/safetroop.com\/wp-content\/uploads\/2025\/10\/Carretera-C-33-cortada-por-un-arbol-caido-9.png\" data-orig-src=\"https:\/\/safetroop.com\/wp-content\/uploads\/2025\/10\/Carretera-C-33-cortada-por-un-arbol-caido-9-1024x1024.png\" alt class=\"lazyload img-responsive wp-image-3472\" srcset=\"data:image\/svg+xml,%3Csvg%20xmlns%3D%27http%3A%2F%2Fwww.w3.org%2F2000%2Fsvg%27%20width%3D%271080%27%20height%3D%271080%27%20viewBox%3D%270%200%201080%201080%27%3E%3Crect%20width%3D%271080%27%20height%3D%271080%27%20fill-opacity%3D%220%22%2F%3E%3C%2Fsvg%3E\" data-srcset=\"https:\/\/safetroop.com\/wp-content\/uploads\/2025\/10\/Carretera-C-33-cortada-por-un-arbol-caido-9-200x200.png 200w, https:\/\/safetroop.com\/wp-content\/uploads\/2025\/10\/Carretera-C-33-cortada-por-un-arbol-caido-9-400x400.png 400w, https:\/\/safetroop.com\/wp-content\/uploads\/2025\/10\/Carretera-C-33-cortada-por-un-arbol-caido-9-600x600.png 600w, https:\/\/safetroop.com\/wp-content\/uploads\/2025\/10\/Carretera-C-33-cortada-por-un-arbol-caido-9-800x800.png 800w, https:\/\/safetroop.com\/wp-content\/uploads\/2025\/10\/Carretera-C-33-cortada-por-un-arbol-caido-9.png 1080w\" data-sizes=\"auto\" data-orig-sizes=\"(max-width: 640px) 100vw, 600px\" \/><\/span><\/div><div class=\"fusion-text fusion-text-3\"><p><span style=\"color: #ffffff;\">Rebre notificacions en temps real de la policia local ajuda els comerciants a prevenir incidents i actuar amb rapidesa.<\/span><br \/>\n<span style=\"color: #ffffff;\">Us ofereix informaci\u00f3 clau per refor\u00e7ar la seguretat del vostre negoci i dels vostres clients.<\/span><br \/>\n<span style=\"color: #ffffff;\">Aix\u00ed poden prendre decisions m\u00e9s segures i anticipar-se a possibles riscos al seu dia a dia.<\/span><\/p>\n<\/div><\/div><\/div><\/div><\/div><div class=\"fusion-fullwidth fullwidth-box fusion-builder-row-3 fusion-flex-container has-pattern-background has-mask-background nonhundred-percent-fullwidth non-hundred-percent-height-scrolling\" style=\"--awb-border-radius-top-left:0px;--awb-border-radius-top-right:0px;--awb-border-radius-bottom-right:0px;--awb-border-radius-bottom-left:0px;--awb-flex-wrap:wrap;\" ><div class=\"fusion-builder-row fusion-row fusion-flex-align-items-flex-start fusion-flex-content-wrap\" style=\"max-width:1248px;margin-left: calc(-4% \/ 2 );margin-right: calc(-4% \/ 2 );\"><div class=\"fusion-layout-column fusion_builder_column fusion-builder-column-3 fusion_builder_column_1_2 1_2 fusion-flex-column\" style=\"--awb-bg-size:cover;--awb-width-large:50%;--awb-margin-top-large:0px;--awb-spacing-right-large:3.84%;--awb-margin-bottom-large:20px;--awb-spacing-left-large:3.84%;--awb-width-medium:50%;--awb-order-medium:0;--awb-spacing-right-medium:3.84%;--awb-spacing-left-medium:3.84%;--awb-width-small:100%;--awb-order-small:0;--awb-spacing-right-small:1.92%;--awb-spacing-left-small:1.92%;\"><div class=\"fusion-column-wrapper fusion-column-has-shadow fusion-flex-justify-content-flex-start fusion-content-layout-column\"><div class=\"fusion-image-element \" style=\"--awb-caption-title-font-family:var(--h2_typography-font-family);--awb-caption-title-font-weight:var(--h2_typography-font-weight);--awb-caption-title-font-style:var(--h2_typography-font-style);--awb-caption-title-size:var(--h2_typography-font-size);--awb-caption-title-transform:var(--h2_typography-text-transform);--awb-caption-title-line-height:var(--h2_typography-line-height);--awb-caption-title-letter-spacing:var(--h2_typography-letter-spacing);\"><span class=\" fusion-imageframe imageframe-none imageframe-3 hover-type-none\"><img decoding=\"async\" width=\"1024\" height=\"1024\" title=\"Carretera C-33 cortada por un \u00e1rbol ca\u00eddo (10)\" src=\"https:\/\/safetroop.com\/wp-content\/uploads\/2025\/10\/Carretera-C-33-cortada-por-un-arbol-caido-10.png\" data-orig-src=\"https:\/\/safetroop.com\/wp-content\/uploads\/2025\/10\/Carretera-C-33-cortada-por-un-arbol-caido-10-1024x1024.png\" alt class=\"lazyload img-responsive wp-image-3475\" srcset=\"data:image\/svg+xml,%3Csvg%20xmlns%3D%27http%3A%2F%2Fwww.w3.org%2F2000%2Fsvg%27%20width%3D%271080%27%20height%3D%271080%27%20viewBox%3D%270%200%201080%201080%27%3E%3Crect%20width%3D%271080%27%20height%3D%271080%27%20fill-opacity%3D%220%22%2F%3E%3C%2Fsvg%3E\" data-srcset=\"https:\/\/safetroop.com\/wp-content\/uploads\/2025\/10\/Carretera-C-33-cortada-por-un-arbol-caido-10-200x200.png 200w, https:\/\/safetroop.com\/wp-content\/uploads\/2025\/10\/Carretera-C-33-cortada-por-un-arbol-caido-10-400x400.png 400w, https:\/\/safetroop.com\/wp-content\/uploads\/2025\/10\/Carretera-C-33-cortada-por-un-arbol-caido-10-600x600.png 600w, https:\/\/safetroop.com\/wp-content\/uploads\/2025\/10\/Carretera-C-33-cortada-por-un-arbol-caido-10-800x800.png 800w, https:\/\/safetroop.com\/wp-content\/uploads\/2025\/10\/Carretera-C-33-cortada-por-un-arbol-caido-10.png 1080w\" data-sizes=\"auto\" data-orig-sizes=\"(max-width: 640px) 100vw, 600px\" \/><\/span><\/div><div class=\"fusion-text fusion-text-4\"><p><span style=\"color: #ffffff;\">Rebre notificacions en temps real de la policia local permet a la comunitat actuar r\u00e0pidament davant de desaparicions.<\/span><br \/>\n<span style=\"color: #ffffff;\">Ajuda a localitzar nens, grans o altres persones vulnerables, augmentant-ne la seguretat.<\/span><br \/>\n<span style=\"color: #ffffff;\">Aix\u00ed es mobilitza ve\u00efns i familiars de manera immediata, potenciant l&#8217;efic\u00e0cia de la cerca.<\/span><\/p>\n<\/div><\/div><\/div><div class=\"fusion-layout-column fusion_builder_column fusion-builder-column-4 fusion_builder_column_1_2 1_2 fusion-flex-column\" style=\"--awb-bg-size:cover;--awb-width-large:50%;--awb-margin-top-large:0px;--awb-spacing-right-large:3.84%;--awb-margin-bottom-large:20px;--awb-spacing-left-large:3.84%;--awb-width-medium:50%;--awb-order-medium:0;--awb-spacing-right-medium:3.84%;--awb-spacing-left-medium:3.84%;--awb-width-small:100%;--awb-order-small:0;--awb-spacing-right-small:1.92%;--awb-spacing-left-small:1.92%;\"><div class=\"fusion-column-wrapper fusion-column-has-shadow fusion-flex-justify-content-flex-start fusion-content-layout-column\"><div class=\"fusion-image-element \" style=\"--awb-caption-title-font-family:var(--h2_typography-font-family);--awb-caption-title-font-weight:var(--h2_typography-font-weight);--awb-caption-title-font-style:var(--h2_typography-font-style);--awb-caption-title-size:var(--h2_typography-font-size);--awb-caption-title-transform:var(--h2_typography-text-transform);--awb-caption-title-line-height:var(--h2_typography-line-height);--awb-caption-title-letter-spacing:var(--h2_typography-letter-spacing);\"><span class=\" fusion-imageframe imageframe-none imageframe-4 hover-type-none\"><img decoding=\"async\" width=\"1024\" height=\"1024\" title=\"Carretera C-33 cortada por un \u00e1rbol ca\u00eddo (11)\" src=\"https:\/\/safetroop.com\/wp-content\/uploads\/2025\/10\/Carretera-C-33-cortada-por-un-arbol-caido-11.png\" data-orig-src=\"https:\/\/safetroop.com\/wp-content\/uploads\/2025\/10\/Carretera-C-33-cortada-por-un-arbol-caido-11-1024x1024.png\" alt class=\"lazyload img-responsive wp-image-3478\" srcset=\"data:image\/svg+xml,%3Csvg%20xmlns%3D%27http%3A%2F%2Fwww.w3.org%2F2000%2Fsvg%27%20width%3D%271080%27%20height%3D%271080%27%20viewBox%3D%270%200%201080%201080%27%3E%3Crect%20width%3D%271080%27%20height%3D%271080%27%20fill-opacity%3D%220%22%2F%3E%3C%2Fsvg%3E\" data-srcset=\"https:\/\/safetroop.com\/wp-content\/uploads\/2025\/10\/Carretera-C-33-cortada-por-un-arbol-caido-11-200x200.png 200w, https:\/\/safetroop.com\/wp-content\/uploads\/2025\/10\/Carretera-C-33-cortada-por-un-arbol-caido-11-400x400.png 400w, https:\/\/safetroop.com\/wp-content\/uploads\/2025\/10\/Carretera-C-33-cortada-por-un-arbol-caido-11-600x600.png 600w, https:\/\/safetroop.com\/wp-content\/uploads\/2025\/10\/Carretera-C-33-cortada-por-un-arbol-caido-11-800x800.png 800w, https:\/\/safetroop.com\/wp-content\/uploads\/2025\/10\/Carretera-C-33-cortada-por-un-arbol-caido-11.png 1080w\" data-sizes=\"auto\" data-orig-sizes=\"(max-width: 640px) 100vw, 600px\" \/><\/span><\/div><div class=\"fusion-text fusion-text-5\"><p><span style=\"color: #ffffff;\">Recibir notificaciones en tiempo real de la polic\u00eda local permite a la ciudadan\u00eda estar alerta ante cat\u00e1strofes naturales.<\/span><br \/>\n<span style=\"color: #ffffff;\">Facilita tomar decisiones r\u00e1pidas para protegerse y proteger a los dem\u00e1s.<\/span><br \/>\n<span style=\"color: #ffffff;\">As\u00ed se reduce el riesgo y se mejora la seguridad de toda la comunidad ante emergencias.<\/span><\/p>\n<\/div><\/div><\/div><\/div><\/div><div class=\"fusion-fullwidth fullwidth-box fusion-builder-row-4 fusion-flex-container has-pattern-background has-mask-background nonhundred-percent-fullwidth non-hundred-percent-height-scrolling\" style=\"--awb-border-radius-top-left:0px;--awb-border-radius-top-right:0px;--awb-border-radius-bottom-right:0px;--awb-border-radius-bottom-left:0px;--awb-flex-wrap:wrap;\" ><div class=\"fusion-builder-row fusion-row fusion-flex-align-items-flex-start fusion-flex-content-wrap\" style=\"max-width:1248px;margin-left: calc(-4% \/ 2 );margin-right: calc(-4% \/ 2 );\"><div class=\"fusion-layout-column fusion_builder_column fusion-builder-column-5 fusion_builder_column_1_1 1_1 fusion-flex-column\" style=\"--awb-bg-size:cover;--awb-width-large:100%;--awb-margin-top-large:0px;--awb-spacing-right-large:1.92%;--awb-margin-bottom-large:20px;--awb-spacing-left-large:1.92%;--awb-width-medium:100%;--awb-order-medium:0;--awb-spacing-right-medium:1.92%;--awb-spacing-left-medium:1.92%;--awb-width-small:100%;--awb-order-small:0;--awb-spacing-right-small:1.92%;--awb-spacing-left-small:1.92%;\"><div class=\"fusion-column-wrapper fusion-column-has-shadow fusion-flex-justify-content-flex-start fusion-content-layout-column\"><div class=\"fusion-separator fusion-full-width-sep\" style=\"align-self: center;margin-left: auto;margin-right: auto;width:100%;\"><div class=\"fusion-separator-border sep-double\" style=\"--awb-height:20px;--awb-amount:20px;border-color:hsla(var(--awb-color5-h),var(--awb-color5-s),var(--awb-color5-l),calc( var(--awb-color5-a) - 97% ));border-top-width:1px;border-bottom-width:1px;\"><\/div><\/div><\/div><\/div><\/div><\/div><div class=\"fusion-fullwidth fullwidth-box fusion-builder-row-5 fusion-flex-container has-pattern-background has-mask-background nonhundred-percent-fullwidth non-hundred-percent-height-scrolling\" style=\"--awb-border-radius-top-left:0px;--awb-border-radius-top-right:0px;--awb-border-radius-bottom-right:0px;--awb-border-radius-bottom-left:0px;--awb-flex-wrap:wrap;\" ><div class=\"fusion-builder-row fusion-row fusion-flex-align-items-flex-start fusion-flex-content-wrap\" style=\"max-width:1248px;margin-left: calc(-4% \/ 2 );margin-right: calc(-4% \/ 2 );\"><div class=\"fusion-layout-column fusion_builder_column fusion-builder-column-6 fusion_builder_column_1_1 1_1 fusion-flex-column\" style=\"--awb-bg-size:cover;--awb-width-large:100%;--awb-margin-top-large:0px;--awb-spacing-right-large:1.92%;--awb-margin-bottom-large:20px;--awb-spacing-left-large:1.92%;--awb-width-medium:100%;--awb-order-medium:0;--awb-spacing-right-medium:1.92%;--awb-spacing-left-medium:1.92%;--awb-width-small:100%;--awb-order-small:0;--awb-spacing-right-small:1.92%;--awb-spacing-left-small:1.92%;\"><div class=\"fusion-column-wrapper fusion-column-has-shadow fusion-flex-justify-content-flex-start fusion-content-layout-column\"><div class=\"fusion-text fusion-text-6\" style=\"--awb-margin-top:100px;\"><h1 style=\"text-align: center;\"><span style=\"color: #ffffff;\"><strong>TUTORIAL \u00daS PANELL DE CONTROL<\/strong><\/span><\/h1>\n<\/div><div class=\"fusion-video fusion-selfhosted-video\" style=\"max-width:100%;\"><div class=\"video-wrapper\"><video playsinline=\"true\" width=\"100%\" style=\"object-fit: cover;\" autoplay=\"true\" muted=\"true\" loop=\"true\" preload=\"auto\" controls=\"1\"><source src=\"https:\/\/safetroop.com\/wp-content\/uploads\/2026\/03\/Com-instal\u00b7lar-proximity-al-nostre-terminal.mp4\" type=\"video\/mp4\">Sorry, your browser doesn&#039;t support embedded videos.<\/video><\/div><\/div><div class=\"fusion-text fusion-text-7\" style=\"--awb-margin-top:100px;\"><h1 style=\"text-align: center;\"><span style=\"color: #ffffff;\"><strong>TUTORIAL USUARIS APP<\/strong><\/span><\/h1>\n<\/div><\/div><\/div><\/div><\/div><\/p>\n","protected":false},"excerpt":{"rendered":"","protected":false},"author":4,"featured_media":0,"parent":0,"menu_order":0,"comment_status":"closed","ping_status":"closed","template":"","meta":{"footnotes":""},"class_list":["post-3316","page","type-page","status-publish","hentry"],"aioseo_notices":[],"_links":{"self":[{"href":"https:\/\/safetroop.com\/ca\/wp-json\/wp\/v2\/pages\/3316","targetHints":{"allow":["GET"]}}],"collection":[{"href":"https:\/\/safetroop.com\/ca\/wp-json\/wp\/v2\/pages"}],"about":[{"href":"https:\/\/safetroop.com\/ca\/wp-json\/wp\/v2\/types\/page"}],"author":[{"embeddable":true,"href":"https:\/\/safetroop.com\/ca\/wp-json\/wp\/v2\/users\/4"}],"replies":[{"embeddable":true,"href":"https:\/\/safetroop.com\/ca\/wp-json\/wp\/v2\/comments?post=3316"}],"version-history":[{"count":10,"href":"https:\/\/safetroop.com\/ca\/wp-json\/wp\/v2\/pages\/3316\/revisions"}],"predecessor-version":[{"id":3633,"href":"https:\/\/safetroop.com\/ca\/wp-json\/wp\/v2\/pages\/3316\/revisions\/3633"}],"wp:attachment":[{"href":"https:\/\/safetroop.com\/ca\/wp-json\/wp\/v2\/media?parent=3316"}],"curies":[{"name":"wp","href":"https:\/\/api.w.org\/{rel}","templated":true}]}}