{"id":2254,"date":"2023-09-20T15:19:12","date_gmt":"2023-09-20T15:19:12","guid":{"rendered":"https:\/\/safetroop.com\/politica-de-cookies\/"},"modified":"2024-03-24T10:27:59","modified_gmt":"2024-03-24T10:27:59","slug":"politica-de-cookies","status":"publish","type":"page","link":"https:\/\/safetroop.com\/ca\/politica-de-cookies\/","title":{"rendered":"Pol\u00edtica de Cookies"},"content":{"rendered":"<div class=\"fusion-fullwidth fullwidth-box fusion-builder-row-1 fusion-flex-container nonhundred-percent-fullwidth non-hundred-percent-height-scrolling\" style=\"--awb-border-radius-top-left:0px;--awb-border-radius-top-right:0px;--awb-border-radius-bottom-right:0px;--awb-border-radius-bottom-left:0px;--awb-padding-top:160px;--awb-padding-bottom:90px;--awb-padding-top-small:60px;--awb-background-color:var(--awb-color2);--awb-flex-wrap:wrap;\" ><div class=\"fusion-builder-row fusion-row fusion-flex-align-items-flex-start fusion-flex-content-wrap\" style=\"max-width:1248px;margin-left: calc(-4% \/ 2 );margin-right: calc(-4% \/ 2 );\"><div class=\"fusion-layout-column fusion_builder_column fusion-builder-column-0 fusion_builder_column_1_1 1_1 fusion-flex-column\" style=\"--awb-bg-size:cover;--awb-width-large:100%;--awb-margin-top-large:0px;--awb-spacing-right-large:1.92%;--awb-margin-bottom-large:20px;--awb-spacing-left-large:1.92%;--awb-width-medium:100%;--awb-order-medium:0;--awb-spacing-right-medium:1.92%;--awb-spacing-left-medium:1.92%;--awb-width-small:100%;--awb-order-small:0;--awb-spacing-right-small:1.92%;--awb-spacing-left-small:1.92%;\"><div class=\"fusion-column-wrapper fusion-column-has-shadow fusion-flex-justify-content-flex-start fusion-content-layout-column\"><div class=\"fusion-text fusion-text-1\"><p><b> POL\u00cdTICA DE COOKIES<\/b><\/p>\n<p>La pol\u00edtica de cookies es va actualitzar per \u00faltima vegada el 8 de setembre de 2023 i s&#8217;aplica als ciutadans i residents legals permanents de l&#8217;Espai Econ\u00f2mic Europeu i Su\u00efssa.<\/p>\n<p><b>1. Introducci\u00f3<\/b><\/p>\n<p>La nostra web, https:\/\/safetroop.com (d&#8217;ara endavant: \u00abla web\u00bb) utilitza cookies i altres tecnologies relacionades (per a una major comoditat, totes les tecnologies es denominen \u00abcookies\u00bb). Les cookies tamb\u00e9 s\u00f3n col\u00b7locades per tercers als quals hem contractat En el seg\u00fcent document t&#8217;informem sobre l&#8217;\u00fas de cookies a la nostra web.<\/p>\n<p><b>2. Qu\u00e8 s\u00f3n les cookies?<\/b><\/p>\n<p>Una cookie \u00e9s un petit fitxer que s&#8217;envia juntament amb les p\u00e0gines d&#8217;aquesta web i que el teu navegador emmagatzema al disc dur del teu ordinador o un altre dispositiu. La informaci\u00f3 emmagatzemada pot ser retornada als nostres servidors o als servidors de tercers pertinents durant una visita posterior.<\/p>\n<p><b>3. \u00bfQu\u00e9 s\u00f3n els scripts?<\/b><\/p>\n<p>Un script \u00e9s un fragment de codi de programa que s&#8217;utilitza per fer que la nostra web funcioni correctament i de forma interactiva. Aquest codi s&#8217;executa en el nostre servidor o en el teu dispositiu.<\/p>\n<p><b>4. \u00bfQu\u00e9 es una baliza web?<\/b><\/p>\n<p>Una balisa web (o una etiqueta de p\u00edxel) \u00e9s una petita i invisible pe\u00e7a de text o imatge en una web que s&#8217;utilitza per monitorar el tr\u00e0nsit en una web. Per aix\u00f2, es emmagatzemen diversos dades sobre vost\u00e8 mitjan\u00e7ant aquestes balises web<\/p>\n<p><b>5. Qui utilitza la informaci\u00f3 emmagatzemada a les cookies? <\/b><\/p>\n<p>La informaci\u00f3 emmagatzemada a les cookies del nostre lloc web \u00e9s utilitzada exclusivament per nosaltres, excepte aquelles identificades m\u00e9s endavant com a &#8216;cookie de tercers&#8217;, que s\u00f3n utilitzades i gestionades per entitats externes que ens proporcionen serveis per millorar l&#8217;experi\u00e8ncia de l&#8217;usuari i amb funcions de rastreig amb finalitats publicit\u00e0ries, sempre, com es indica, amb el seu consentiment previ.<\/p>\n<p>Per exemple, les estad\u00edstiques que es recullen sobre el nombre de visites, el contingut que m\u00e9s agrada, etc., a trav\u00e9s de diferents eines que es descriuen m\u00e9s endavant.<\/p>\n<p>Com puc evitar l&#8217;\u00fas de cookies en aquest lloc web?<\/p>\n<p>Les cookies no necess\u00e0ries estan deshabilitades per defecte, per la qual cosa haur\u00e0s de CONFIGURAR les que permetis utilitzar Si les has acceptat, no tornarem a preguntar-te llevat que esborris les cookies al teu dispositiu com s&#8217;indica en l&#8217;apartat seg\u00fcent. Si vols revocar el consentiment haur\u00e0s d&#8217;eliminar les cookies i tornar a configurar-les.<\/p>\n<p><b>\u00bfQuins tipus de cookies es poden utilitzar en aquesta p\u00e0gina web? <\/b><\/p>\n<p style=\"padding-left: 40px;\"><b>SEGONS L&#8217;ENTITAT QUE HO GESTIONA<\/b><\/p>\n<ul>\n<li>Cookies pr\u00f2pies: s\u00f3n aquelles que s&#8217;envien a l&#8217;equip terminal de l&#8217;usuari des d&#8217;un equip o domini gestionat pel mateix editor i des del qual es presta el servei sol\u00b7licitat per l&#8217;usuari.<\/li>\n<li>Cookies de tercers: s\u00f3n aquelles que s&#8217;envien a l&#8217;equip terminal de l&#8217;usuari des d&#8217;un equip o domini que no \u00e9s gestionat per l&#8217;editor, sin\u00f3 per una altra entitat que tracta les dades obtingudes a trav\u00e9s de les cookies. En el cas que les cookies siguin servides des d&#8217;un equip o domini gestionat pel mateix editor, per\u00f2 la informaci\u00f3 que es recull mitjan\u00e7ant aquestes sigui gestionada per un tercer, no poden ser considerades com a cookies pr\u00f2pies si el tercer les utilitza per a les seves pr\u00f2pies finalitats (per exemple, la millora dels serveis que presta o la prestaci\u00f3 de serveis de car\u00e0cter publicitari a favor d&#8217;altres entitats).<\/li>\n<li>Cookies t\u00e8cniques necess\u00e0ries: s\u00f3n aquelles necess\u00e0ries per a la navegaci\u00f3 i el bon funcionament de la nostra p\u00e0gina web, com ara, controlar el tr\u00e0nsit i la comunicaci\u00f3 de dades, identificar la sessi\u00f3, accedir a parts d&#8217;acc\u00e9s restringit, recordar els elements que integren una comanda, en cas que existeixi en el futur aquesta opci\u00f3 en la p\u00e0gina, aix\u00ed com realitzar el proc\u00e9s de compra d&#8217;aquesta comanda, gestionar el pagament, controlar el frau vinculat a la seguretat del servei, realitzar la sol\u00b7licitud d&#8217;inscripci\u00f3 o participaci\u00f3 en un esdeveniment, comptar visites a efectes de la facturaci\u00f3 de llic\u00e8ncies del programari amb el qual funciona el servei (p\u00e0gina web, plataforma o aplicaci\u00f3), utilitzar elements de seguretat durant la navegaci\u00f3, emmagatzemar continguts per a la difusi\u00f3 de v\u00eddeos o so, habilitar continguts din\u00e0mics (per exemple, animaci\u00f3 de c\u00e0rrega d&#8217;un text o imatge)&#8230; Aquestes cookies s\u00f3n absolutament necess\u00e0ries per al funcionament de la web, estan relacionades amb el propi plugin de consentiment RGPD, guardant la seva selecci\u00f3 en relaci\u00f3 al consentiment de Cookies. L&#8217;\u00fas de l&#8217;acc\u00e9s clients igualment implica la necessitat d&#8217;instal\u00b7lar cookies t\u00e8cniques pr\u00f2pies. Aquestes cookies s\u00f3n absolutament necess\u00e0ries per al funcionament de la web, sense elles el lloc no funcionaria, pel que no \u00e9s necessari el seu consentiment per al seu \u00fas<\/li>\n<li>Cookies d&#8217;an\u00e0lisi: permeten quantificar el nombre d&#8217;usuaris i aix\u00ed realitzar la mesura i an\u00e0lisi estad\u00edstic de la utilitzaci\u00f3 que fan els usuaris del servei ofert. Per aix\u00f2 s&#8217;analitza la vostra navegaci\u00f3 a la nostra p\u00e0gina web per tal de millorar l&#8217;oferta de productes o serveis que us oferim.<\/li>\n<li>Galetes de m\u00e0rqueting\/seguiment: Les galetes de m\u00e0rqueting\/seguiment s\u00f3n galetes, o qualsevol altra forma d&#8217;emmagatzematge local, usades per crear perfils d&#8217;usuari per mostrar publicitat o per fer el seguiment de l&#8217;usuari en aquesta web o en diverses webs amb finalitats de m\u00e0rqueting similars.<\/li>\n<\/ul>\n<p style=\"padding-left: 40px;\"><b>SEGONS EL TERMINI DE TEMPS QUE ROMANDEN ACTIVADES <\/b><\/p>\n<ul>\n<li>\n<p style=\"padding-left: 0px;\">Cookies de sessi\u00f3: s\u00f3n aquelles dissenyades per demanar i emmagatzemar dades mentre l&#8217;usuari accedeix a una p\u00e0gina web. Es solen emprar per emmagatzemar informaci\u00f3 que nom\u00e9s interessa conservar per a la prestaci\u00f3 del servei sol\u00b7licitat per l&#8217;usuari en una sola ocasi\u00f3 (per exemple, una llista de productes adquirits) i desapareixen en acabar la sessi\u00f3.<\/p>\n<\/li>\n<li>\n<p style=\"padding-left: 0px;\">Cookies persistents: s\u00f3n aquelles en qu\u00e8 les dades segueixen emmagatzemades al terminal i poden ser accedides i tractades durant un per\u00edode definit pel responsable de la galeta, i que pot anar d&#8217;uns minuts a diversos anys. Pel que fa a aix\u00f2, s&#8217;ha de valorar espec\u00edficament si \u00e9s necess\u00e0ria la utilitzaci\u00f3 de cookies persistents, ja que els riscos per a la privadesa podrien reduir-se mitjan\u00e7ant la utilitzaci\u00f3 de cookies de sessi\u00f3. En tot cas, quan s&#8217;instal\u00b7lin galetes persistents, es recomana reduir al m\u00ednim necessari la seva durada temporal atenent a la finalitat del seu \u00fas. A aquests efectes, el Dictamen 4\/2012 del GT29 va indicar que perqu\u00e8 una galeta pugui estar exempta del deure de consentiment informat, la seva caducitat ha d&#8217;estar relacionada amb la finalitat. A causa d&#8217;aix\u00f2, \u00e9s molt m\u00e9s probable que es considerin exceptuades les galetes de sessi\u00f3 que les persistents<\/p>\n<\/li>\n<\/ul>\n<p>La llista mostrada a continuaci\u00f3 reflecteix les cookies usades a la nostra web.<\/p>\n<ul>\n<li><b>Google Fonts<\/b><\/li>\n<\/ul>\n<p style=\"padding-left: 40px;\">Marketing\/Seguimiento<\/p>\n<p style=\"padding-left: 40px;\">Denominaci\u00f3n<\/p>\n<p style=\"padding-left: 40px;\">Duraci\u00f3<\/p>\n<p>&nbsp;<\/p>\n<p style=\"padding-left: 40px;\">Consent to service google-fonts<\/p>\n<p>&nbsp;<\/p>\n<ul>\n<li><b>Google Maps<\/b><\/li>\n<\/ul>\n<p style=\"padding-left: 40px;\">Marketing\/Seguimiento Duraci\u00f3n<\/p>\n<p style=\"padding-left: 40px;\">Consent to service google-maps<\/p>\n<p style=\"padding-left: 40px;\">Denominaci\u00f3<\/p>\n<p style=\"padding-left: 40px;\">Duraci\u00f3<\/p>\n<ul>\n<li><b><b><br \/>\n<\/b><\/b><\/p>\n<p style=\"padding-left: 0px;\">Varios<\/p>\n<p>&nbsp;<\/li>\n<\/ul>\n<p style=\"padding-left: 40px;\">Prop\u00f2sit pendent de recerca<\/p>\n<p style=\"padding-left: 40px;\">Denominaci\u00f3<\/p>\n<p style=\"padding-left: 40px;\">Duraci\u00f3<\/p>\n<p><b>TRANSFER\u00c8NCIES INTERNACIONALS DE DADES<\/b><\/p>\n<p style=\"padding-left: 40px;\">S&#8217;ent\u00e9n com a Transfer\u00e8ncia Internacional de Dades aquella comunicaci\u00f3 de les seves dades de car\u00e0cter personal a pa\u00efsos ubicats fora de la Uni\u00f3 Europea, i m\u00e9s concretament fora de l&#8217;Espai Econ\u00f2mic Europeu (EEE). Hi ha excepcions de pa\u00efsos fora d&#8217;aquest espai europeu que no es consideren una transfer\u00e8ncia internacional en ser els destinataris pa\u00efsos que la Comissi\u00f3 Europea de Protecci\u00f3 de Dades considera adequats per complir els est\u00e0ndards europeus en protecci\u00f3 de dades. Aquests pa\u00efsos s&#8217;entenen que s\u00f3n segurs, ja que es comprometen al compliment de les exig\u00e8ncies de la normativa europea.<\/p>\n<p style=\"padding-left: 40px;\">En tot cas, si el Titular transfereix alguna dada fora de l&#8217;EEE, es fa de conformitat amb els acords marc contractuals a qu\u00e8 s&#8217;acullen els diferents prove\u00efdors tercers, com ara Google Analytics o algunes de les eines i RRSS descrites.<\/p>\n<p>&nbsp;<\/p>\n<p style=\"padding-left: 40px;\"><b>Actualitzacions i canvis en la pol\u00edtica de Privadesa de Cookies<\/b><\/p>\n<p style=\"padding-left: 40px;\">Safetroop pot modificar aquesta Pol\u00edtica de Cookies en funci\u00f3 d&#8217;exig\u00e8ncies legislatives, reglament\u00e0ries, o amb la finalitat d&#8217;adaptar aquesta pol\u00edtica a les instruccions dictades per l&#8217;Ag\u00e8ncia Espanyola de Protecci\u00f3 de Dades, per aix\u00f2 s&#8217;aconsella als usuaris que la visitin peri\u00f2dicament.<\/p>\n<p><b>10. Dades de contacte<\/b><\/p>\n<p>Per a preguntes i\/o comentaris sobre la nostra pol\u00edtica de cookies i aquesta declaraci\u00f3, si us plau, contacta amb nosaltres usant les seg\u00fcents dades de contacte:<\/p>\n<p><b>SafeTroop SL<\/b><br \/>\n<span style=\"background-color: rgba(255, 255, 255, 0); color: var(--body_typography-color); font-family: var(--body_typography-font-family); font-size: var(--body_typography-font-size); font-style: var(--body_typography-font-style,normal); font-weight: var(--body_typography-font-weight); letter-spacing: var(--body_typography-letter-spacing);\">Carrer Espinoi 8\/10 Local 1<br \/>\n<\/span><span style=\"background-color: rgba(255, 255, 255, 0); color: var(--body_typography-color); font-family: var(--body_typography-font-family); font-size: var(--body_typography-font-size); font-style: var(--body_typography-font-style,normal); font-weight: var(--body_typography-font-weight); letter-spacing: var(--body_typography-letter-spacing);\">08024 Barcelona, Espa\u00f1a<br \/>\n<\/span><span style=\"background-color: rgba(255, 255, 255, 0); color: var(--body_typography-color); font-family: var(--body_typography-font-family); font-size: var(--body_typography-font-size); font-style: var(--body_typography-font-style,normal); font-weight: var(--body_typography-font-weight); letter-spacing: var(--body_typography-letter-spacing);\">Web: https:\/\/safetroop.com<br \/>\n<\/span><span style=\"background-color: rgba(255, 255, 255, 0); color: var(--body_typography-color); font-family: var(--body_typography-font-family); font-size: var(--body_typography-font-size); font-style: var(--body_typography-font-style,normal); font-weight: var(--body_typography-font-weight); letter-spacing: var(--body_typography-letter-spacing);\">Correo electr\u00f3nico: info@safetroop.com <\/span><\/p>\n<\/div><\/div><\/div><\/div><\/div>\n","protected":false},"excerpt":{"rendered":"","protected":false},"author":4,"featured_media":0,"parent":0,"menu_order":0,"comment_status":"closed","ping_status":"closed","template":"100-width.php","meta":{"footnotes":""},"class_list":["post-2254","page","type-page","status-publish","hentry"],"aioseo_notices":[],"_links":{"self":[{"href":"https:\/\/safetroop.com\/ca\/wp-json\/wp\/v2\/pages\/2254","targetHints":{"allow":["GET"]}}],"collection":[{"href":"https:\/\/safetroop.com\/ca\/wp-json\/wp\/v2\/pages"}],"about":[{"href":"https:\/\/safetroop.com\/ca\/wp-json\/wp\/v2\/types\/page"}],"author":[{"embeddable":true,"href":"https:\/\/safetroop.com\/ca\/wp-json\/wp\/v2\/users\/4"}],"replies":[{"embeddable":true,"href":"https:\/\/safetroop.com\/ca\/wp-json\/wp\/v2\/comments?post=2254"}],"version-history":[{"count":3,"href":"https:\/\/safetroop.com\/ca\/wp-json\/wp\/v2\/pages\/2254\/revisions"}],"predecessor-version":[{"id":2490,"href":"https:\/\/safetroop.com\/ca\/wp-json\/wp\/v2\/pages\/2254\/revisions\/2490"}],"wp:attachment":[{"href":"https:\/\/safetroop.com\/ca\/wp-json\/wp\/v2\/media?parent=2254"}],"curies":[{"name":"wp","href":"https:\/\/api.w.org\/{rel}","templated":true}]}}